


{"id":2546,"date":"2011-04-13T08:09:10","date_gmt":"2011-04-13T08:09:10","guid":{"rendered":"http:\/\/www.flurhof.com\/web\/?page_id=2546"},"modified":"2011-04-13T08:09:10","modified_gmt":"2011-04-13T08:09:10","slug":"transport","status":"publish","type":"page","link":"https:\/\/flurhof.com\/index.php\/pferdepension\/transport\/","title":{"rendered":"TRANSPORT &#038; ZUFAHRT"},"content":{"rendered":"<p><a href=\"http:\/\/www.flurhof.com\/web\/wp-content\/uploads\/2011\/04\/IMG_0331.jpg\" data-rel=\"lightbox-gallery-irTw5v88\" data-rl_title=\"\" data-rl_caption=\"\"><img loading=\"lazy\" decoding=\"async\" class=\"alignnone size-large wp-image-2931\" title=\"\" src=\"http:\/\/www.flurhof.com\/web\/wp-content\/uploads\/2011\/04\/IMG_0331-580x386.jpg\" alt=\"\" width=\"580\" height=\"386\" \/><\/a><\/p>\n<p>Sie kennen es zur Gen\u00fcge, die Situation wenn Sie mit Pferdeanh\u00e4nger unterwegs sind. Enge Parkpl\u00e4tze, schlechte Zufahrtsstrassen,\u00a0 Parkieren in der nassen Wiese, umst\u00e4ndliches Rangieren etc. &#8230; f\u00fcr die Tiere oft der noch gr\u00f6ssere Stress als f\u00fcr den Halter.<\/p>\n<p>&nbsp;<\/p>\n<p><a href=\"http:\/\/www.flurhof.com\/web\/wp-content\/uploads\/2011\/04\/IMG_0343.jpg\" data-rel=\"lightbox-gallery-irTw5v88\" data-rl_title=\"\" data-rl_caption=\"\"><img loading=\"lazy\" decoding=\"async\" class=\"alignnone size-medium wp-image-2932\" title=\"\" src=\"http:\/\/www.flurhof.com\/web\/wp-content\/uploads\/2011\/04\/IMG_0343-300x200.jpg\" alt=\"\" width=\"300\" height=\"200\" \/><\/a><a href=\"http:\/\/www.flurhof.com\/web\/wp-content\/uploads\/2011\/04\/IMG_0352.jpg\" data-rel=\"lightbox-gallery-irTw5v88\" data-rl_title=\"\" data-rl_caption=\"\"><img loading=\"lazy\" decoding=\"async\" class=\"alignnone size-medium wp-image-2933\" title=\"\" src=\"http:\/\/www.flurhof.com\/web\/wp-content\/uploads\/2011\/04\/IMG_0352-300x200.jpg\" alt=\"\" width=\"300\" height=\"200\" \/><\/a><\/p>\n<p>Bei der Konzeption haben wir auch dieses oft vergessene Detail grossz\u00fcgig bedacht. Gerade auch f\u00fcr unge\u00fcbte H\u00e4ngerfahrer, welche oftmals etwas unsicher im Verkehr sind, ist die Anfahrt zum Flurhof ein Kinderspiel. Gerade reinfahren, einfach wenden und wieder rausfahren. 5 Minuten Zufahrt zur Autobahn A1, und in 7 Minuten sind Sie am Zoll in Hohenems bzw. auf der \u00d6sterreicher Autobahn Richtung Tirol oder nach Deutschland.<\/p>\n<p>&nbsp;<\/p>\n<p><a href=\"http:\/\/www.flurhof.com\/web\/wp-content\/uploads\/2011\/04\/IMG_1060.jpg\" data-rel=\"lightbox-gallery-irTw5v88\" data-rl_title=\"\" data-rl_caption=\"\"><img loading=\"lazy\" decoding=\"async\" class=\"alignnone size-large wp-image-2929\" title=\"\" src=\"http:\/\/www.flurhof.com\/web\/wp-content\/uploads\/2011\/04\/IMG_1060-580x386.jpg\" alt=\"\" width=\"580\" height=\"386\" \/><\/a><\/p>\n<p>&nbsp;<\/p>\n<p>Wir verf\u00fcgen auch \u00fcber eine \u00e4usserst komfortablen und modernen Pferdetransporter (LKW) f\u00fcr Turnierfahrten und mit welchem bei Bedarf Ihren Lieblinge auch mal z.Bsp. an Ihren Urlaubsort chauffiert werden k\u00f6nnen.<\/p>\n<p><a href=\"http:\/\/www.flurhof.com\/web\/wp-content\/uploads\/2011\/04\/IMG_1041.jpg\" data-rel=\"lightbox-gallery-irTw5v88\" data-rl_title=\"\" data-rl_caption=\"\"><img loading=\"lazy\" decoding=\"async\" class=\"alignnone size-large wp-image-2928\" title=\"\" src=\"http:\/\/www.flurhof.com\/web\/wp-content\/uploads\/2011\/04\/IMG_1041-580x386.jpg\" alt=\"\" width=\"580\" height=\"386\" \/><\/a><\/p>\n<p><a href=\"http:\/\/www.flurhof.com\/web\/wp-content\/uploads\/2011\/04\/IMG_1061-e1309632000674.jpg\" data-rel=\"lightbox-gallery-irTw5v88\" data-rl_title=\"\" data-rl_caption=\"\"><img loading=\"lazy\" decoding=\"async\" class=\"alignnone size-large wp-image-2930\" title=\"\" src=\"http:\/\/www.flurhof.com\/web\/wp-content\/uploads\/2011\/04\/IMG_1061-e1309632000674-682x1024.jpg\" alt=\"\" width=\"580\" height=\"870\" \/><\/a><\/p>\n<p>&nbsp;<\/p>\n","protected":false},"excerpt":{"rendered":"<p>Sie kennen es zur Gen\u00fcge, die Situation wenn Sie mit Pferdeanh\u00e4nger unterwegs sind. Enge Parkpl\u00e4tze, schlechte Zufahrtsstrassen,\u00a0 Parkieren in der nassen Wiese, umst\u00e4ndliches Rangieren etc. &#8230; f\u00fcr die Tiere oft der noch gr\u00f6ssere Stress als f\u00fcr den Halter. &nbsp; Bei der Konzeption haben wir auch dieses oft vergessene Detail grossz\u00fcgig bedacht. Gerade auch f\u00fcr unge\u00fcbte [&hellip;]<\/p>\n","protected":false},"author":5,"featured_media":0,"parent":2477,"menu_order":70,"comment_status":"open","ping_status":"closed","template":"","meta":{"_acf_changed":false,"footnotes":""},"class_list":["post-2546","page","type-page","status-publish","hentry"],"acf":[],"_links":{"self":[{"href":"https:\/\/flurhof.com\/index.php\/wp-json\/wp\/v2\/pages\/2546","targetHints":{"allow":["GET"]}}],"collection":[{"href":"https:\/\/flurhof.com\/index.php\/wp-json\/wp\/v2\/pages"}],"about":[{"href":"https:\/\/flurhof.com\/index.php\/wp-json\/wp\/v2\/types\/page"}],"author":[{"embeddable":true,"href":"https:\/\/flurhof.com\/index.php\/wp-json\/wp\/v2\/users\/5"}],"replies":[{"embeddable":true,"href":"https:\/\/flurhof.com\/index.php\/wp-json\/wp\/v2\/comments?post=2546"}],"version-history":[{"count":0,"href":"https:\/\/flurhof.com\/index.php\/wp-json\/wp\/v2\/pages\/2546\/revisions"}],"up":[{"embeddable":true,"href":"https:\/\/flurhof.com\/index.php\/wp-json\/wp\/v2\/pages\/2477"}],"wp:attachment":[{"href":"https:\/\/flurhof.com\/index.php\/wp-json\/wp\/v2\/media?parent=2546"}],"curies":[{"name":"wp","href":"https:\/\/api.w.org\/{rel}","templated":true}]}}