


{"id":2538,"date":"2011-04-13T08:07:29","date_gmt":"2011-04-13T08:07:29","guid":{"rendered":"http:\/\/www.flurhof.com\/web\/?page_id=2538"},"modified":"2011-04-13T08:07:29","modified_gmt":"2011-04-13T08:07:29","slug":"reitplatz","status":"publish","type":"page","link":"https:\/\/flurhof.com\/index.php\/pferdepension\/reitplatz\/","title":{"rendered":"REITPLATZ"},"content":{"rendered":"<p><a href=\"http:\/\/www.flurhof.com\/web\/wp-content\/uploads\/2011\/04\/IMG_1222.jpg\" data-rel=\"lightbox-gallery-t0NXTML9\" data-rl_title=\"\" data-rl_caption=\"\"><img loading=\"lazy\" decoding=\"async\" class=\"alignnone size-large wp-image-2911\" title=\"\" src=\"http:\/\/www.flurhof.com\/web\/wp-content\/uploads\/2011\/04\/IMG_1222-580x386.jpg\" alt=\"\" width=\"580\" height=\"386\" \/><\/a><\/p>\n<p>Unsere langj\u00e4hrige Erfahrung und die vielen Stunden welche wir aktiv auf den Reitpl\u00e4tzen im In- und Ausland verbracht haben, haben uns auch viel Know-How gebracht, wenn es um den Set-Up von Aussenreitpl\u00e4tzen geht.<\/p>\n<p>&nbsp;<\/p>\n<p>Reiten wie die Grossen. Unser Reitplatz besitzt Weltklasse-Turnier Qualit\u00e4ten:\u00a0 der 30 x 60 m grosse Reitplatz verf\u00fcgt \u00fcber ein optimales Ebbe\/Flutsystem, durch neueste Technik von Heus im Untergrund und Tretschicht, welche den Platz immer angenehm feucht h\u00e4lt und somit fast ganzj\u00e4hrig benutzbar macht.<\/p>\n<p>&nbsp;<\/p>\n<p>Wir stellen jede Woche einen anderen Springparcour auf und dank der Flutlichtanlage k\u00f6nnen Sie auch wenn die Tage k\u00fcrzer werden abends noch draussen reiten.<\/p>\n<p><a href=\"http:\/\/www.flurhof.com\/web\/wp-content\/uploads\/2011\/04\/IMG_1326.jpg\" data-rel=\"lightbox-gallery-t0NXTML9\" data-rl_title=\"\" data-rl_caption=\"\"><img loading=\"lazy\" decoding=\"async\" class=\"alignnone size-medium wp-image-2912\" title=\"\" src=\"http:\/\/www.flurhof.com\/web\/wp-content\/uploads\/2011\/04\/IMG_1326-300x200.jpg\" alt=\"\" width=\"300\" height=\"200\" \/><\/a><a href=\"http:\/\/www.flurhof.com\/web\/wp-content\/uploads\/2011\/04\/IMG_1328.jpg\" data-rel=\"lightbox-gallery-t0NXTML9\" data-rl_title=\"\" data-rl_caption=\"\"><img loading=\"lazy\" decoding=\"async\" class=\"alignnone size-medium wp-image-2914\" title=\"\" src=\"http:\/\/www.flurhof.com\/web\/wp-content\/uploads\/2011\/04\/IMG_1328-300x200.jpg\" alt=\"\" width=\"300\" height=\"200\" \/><\/a><br \/>\n<a href=\"http:\/\/www.flurhof.com\/web\/wp-content\/uploads\/2011\/04\/IMG_0936.jpg\" data-rel=\"lightbox-gallery-t0NXTML9\" data-rl_title=\"\" data-rl_caption=\"\"><img loading=\"lazy\" decoding=\"async\" class=\"alignnone size-medium wp-image-2915\" title=\"\" src=\"http:\/\/www.flurhof.com\/web\/wp-content\/uploads\/2011\/04\/IMG_0936-300x200.jpg\" alt=\"\" width=\"300\" height=\"200\" \/><\/a><a href=\"http:\/\/www.flurhof.com\/web\/wp-content\/uploads\/2011\/04\/IMG_0926.jpg\" data-rel=\"lightbox-gallery-t0NXTML9\" data-rl_title=\"\" data-rl_caption=\"\"><img loading=\"lazy\" decoding=\"async\" class=\"alignnone size-medium wp-image-2916\" title=\"\" src=\"http:\/\/www.flurhof.com\/web\/wp-content\/uploads\/2011\/04\/IMG_0926-300x200.jpg\" alt=\"\" width=\"300\" height=\"200\" \/><\/a><\/p>\n","protected":false},"excerpt":{"rendered":"<p>Unsere langj\u00e4hrige Erfahrung und die vielen Stunden welche wir aktiv auf den Reitpl\u00e4tzen im In- und Ausland verbracht haben, haben uns auch viel Know-How gebracht, wenn es um den Set-Up von Aussenreitpl\u00e4tzen geht. &nbsp; Reiten wie die Grossen. Unser Reitplatz besitzt Weltklasse-Turnier Qualit\u00e4ten:\u00a0 der 30 x 60 m grosse Reitplatz verf\u00fcgt \u00fcber ein optimales Ebbe\/Flutsystem, [&hellip;]<\/p>\n","protected":false},"author":5,"featured_media":0,"parent":2477,"menu_order":30,"comment_status":"open","ping_status":"closed","template":"","meta":{"_acf_changed":false,"footnotes":""},"class_list":["post-2538","page","type-page","status-publish","hentry"],"acf":[],"_links":{"self":[{"href":"https:\/\/flurhof.com\/index.php\/wp-json\/wp\/v2\/pages\/2538","targetHints":{"allow":["GET"]}}],"collection":[{"href":"https:\/\/flurhof.com\/index.php\/wp-json\/wp\/v2\/pages"}],"about":[{"href":"https:\/\/flurhof.com\/index.php\/wp-json\/wp\/v2\/types\/page"}],"author":[{"embeddable":true,"href":"https:\/\/flurhof.com\/index.php\/wp-json\/wp\/v2\/users\/5"}],"replies":[{"embeddable":true,"href":"https:\/\/flurhof.com\/index.php\/wp-json\/wp\/v2\/comments?post=2538"}],"version-history":[{"count":0,"href":"https:\/\/flurhof.com\/index.php\/wp-json\/wp\/v2\/pages\/2538\/revisions"}],"up":[{"embeddable":true,"href":"https:\/\/flurhof.com\/index.php\/wp-json\/wp\/v2\/pages\/2477"}],"wp:attachment":[{"href":"https:\/\/flurhof.com\/index.php\/wp-json\/wp\/v2\/media?parent=2538"}],"curies":[{"name":"wp","href":"https:\/\/api.w.org\/{rel}","templated":true}]}}