


{"id":2515,"date":"2011-04-13T07:46:37","date_gmt":"2011-04-13T05:46:37","guid":{"rendered":"http:\/\/www.flurhof.com\/web\/?page_id=2515"},"modified":"2016-07-02T15:08:48","modified_gmt":"2016-07-02T13:08:48","slug":"ausbildung","status":"publish","type":"page","link":"https:\/\/flurhof.com\/index.php\/ausbildung\/","title":{"rendered":"AUSBILDUNG"},"content":{"rendered":"<p><a href=\"http:\/\/www.flurhof.com\/web\/wp-content\/uploads\/2011\/04\/IMG_0768.jpg\" data-rel=\"lightbox-gallery-Te9Wp79O\" data-rl_title=\"\" data-rl_caption=\"\"><img loading=\"lazy\" decoding=\"async\" class=\"alignnone size-large wp-image-2937\" title=\"\" src=\"http:\/\/www.flurhof.com\/web\/wp-content\/uploads\/2011\/04\/IMG_0768-580x386.jpg\" alt=\"\" width=\"580\" height=\"386\" \/><\/a><\/p>\n<p><a href=\"http:\/\/www.flurhof.com\/web\/wp-content\/uploads\/2011\/04\/IMG_0842.jpg\" data-rel=\"lightbox-gallery-Te9Wp79O\" data-rl_title=\"\" data-rl_caption=\"\"><img loading=\"lazy\" decoding=\"async\" class=\"alignnone size-medium wp-image-2939\" title=\"\" src=\"http:\/\/www.flurhof.com\/web\/wp-content\/uploads\/2011\/04\/IMG_0842-300x200.jpg\" alt=\"\" width=\"300\" height=\"200\" \/><\/a><a href=\"http:\/\/www.flurhof.com\/web\/wp-content\/uploads\/2011\/04\/IMG_0854.jpg\" data-rel=\"lightbox-gallery-Te9Wp79O\" data-rl_title=\"\" data-rl_caption=\"\"><img loading=\"lazy\" decoding=\"async\" class=\"alignnone size-medium wp-image-2940\" title=\"\" src=\"http:\/\/www.flurhof.com\/web\/wp-content\/uploads\/2011\/04\/IMG_0854-300x200.jpg\" alt=\"\" width=\"300\" height=\"200\" \/><\/a><\/p>\n<p>[one_half]<\/p>\n<p>&nbsp;<\/p>\n<h4>REITSTUNDEN F\u00dcR ANF\u00c4NGER<\/h4>\n<p>Wir bieten Reitstunden f\u00fcr Anf\u00e4nger von Jung bis Alt. Auf Wunsch  stellen wir Ihnen ein Pferd zur Verf\u00fcgung und Sie lernen Schritt f\u00fcr  Schritt den Umgang mit dem Pferd und einfaches Reiten. [\/one_half]  [one_half_last]<\/p>\n<p>&nbsp;<\/p>\n<h4>GRUPPENREISTUNDEN F\u00dcR KINDER UND JUNGENDLICHE<\/h4>\n<p>Gemeinsam in der Gruppe lernen die Sch\u00fcler alles was es braucht um mal ein grosser Reiter zu werden. [\/one_half_last]<\/p>\n<h4>INDIVIDUELLES TRAINING F\u00dcR AMBIITIONIERTE SPORTREITER<\/h4>\n<p>Unter fachlich-kompetenter Betreuung lernen Sie anspruchsvolles f\u00fcr Turnier oder f\u00fcr Ihre pers\u00f6nliche Weiterentwicklung<br \/>\nEbenfalls betreiben wir eine aktive Nachwuchsf\u00f6rderung &#8211; die Auszeichnungen sprechen f\u00fcr unseren Erfolg.<\/p>\n<p>&nbsp;<\/p>\n<h4>PREVETVORBEREITUNGEN<\/h4>\n<p>Ideal f\u00fcr Einsteiger: Sie bauen sich ein notwendiges Grundwissen auf: F\u00fchren des Pferdes, putzen und satteln, Sattelzeugpflege, die richtige Pferdehaltung, Gesundheit und Betreuung von Pferden, Reiten, kleine Spr\u00fcnge und vieles mehr<\/p>\n<p>&nbsp;<\/p>\n<h4>LIZENZVORBEREITUNG<\/h4>\n<p>F\u00fcr die Teilnahme an regionalen, nationalen und internationalen Turnieren ben\u00f6tigen Sie eine Lizenz . Die Vorbereitung dauert in der Regel zwischen 4-6 Wochen in der Sie ein theoretisches und fachliches Wissen sowie ein Reitniveau aufbauen, welches dann von der SVPS gepr\u00fcft wird und die Lizenz in Form eines Ausweises ausstellt.<\/p>\n<p><a href=\"http:\/\/www.flurhof.com\/web\/wp-content\/uploads\/2011\/04\/IMG_0928.jpg\" data-rel=\"lightbox-gallery-Te9Wp79O\" data-rl_title=\"\" data-rl_caption=\"\"><img loading=\"lazy\" decoding=\"async\" class=\"alignnone size-medium wp-image-2941\" title=\"\" src=\"http:\/\/www.flurhof.com\/web\/wp-content\/uploads\/2011\/04\/IMG_0928-300x200.jpg\" alt=\"\" width=\"300\" height=\"200\" \/><\/a><a href=\"http:\/\/www.flurhof.com\/web\/wp-content\/uploads\/2011\/04\/IMG_0931.jpg\" data-rel=\"lightbox-gallery-Te9Wp79O\" data-rl_title=\"\" data-rl_caption=\"\"><img loading=\"lazy\" decoding=\"async\" class=\"alignnone size-medium wp-image-2942\" title=\"\" src=\"http:\/\/www.flurhof.com\/web\/wp-content\/uploads\/2011\/04\/IMG_0931-300x200.jpg\" alt=\"\" width=\"300\" height=\"200\" \/><\/a><\/p>\n","protected":false},"excerpt":{"rendered":"<p>[one_half] &nbsp; REITSTUNDEN F\u00dcR ANF\u00c4NGER Wir bieten Reitstunden f\u00fcr Anf\u00e4nger von Jung bis Alt. Auf Wunsch stellen wir Ihnen ein Pferd zur Verf\u00fcgung und Sie lernen Schritt f\u00fcr Schritt den Umgang mit dem Pferd und einfaches Reiten. [\/one_half] [one_half_last] &nbsp; GRUPPENREISTUNDEN F\u00dcR KINDER UND JUNGENDLICHE Gemeinsam in der Gruppe lernen die Sch\u00fcler alles was es [&hellip;]<\/p>\n","protected":false},"author":5,"featured_media":0,"parent":0,"menu_order":30,"comment_status":"open","ping_status":"closed","template":"","meta":{"_acf_changed":false,"footnotes":""},"class_list":["post-2515","page","type-page","status-publish","hentry"],"acf":[],"_links":{"self":[{"href":"https:\/\/flurhof.com\/index.php\/wp-json\/wp\/v2\/pages\/2515","targetHints":{"allow":["GET"]}}],"collection":[{"href":"https:\/\/flurhof.com\/index.php\/wp-json\/wp\/v2\/pages"}],"about":[{"href":"https:\/\/flurhof.com\/index.php\/wp-json\/wp\/v2\/types\/page"}],"author":[{"embeddable":true,"href":"https:\/\/flurhof.com\/index.php\/wp-json\/wp\/v2\/users\/5"}],"replies":[{"embeddable":true,"href":"https:\/\/flurhof.com\/index.php\/wp-json\/wp\/v2\/comments?post=2515"}],"version-history":[{"count":1,"href":"https:\/\/flurhof.com\/index.php\/wp-json\/wp\/v2\/pages\/2515\/revisions"}],"predecessor-version":[{"id":11030,"href":"https:\/\/flurhof.com\/index.php\/wp-json\/wp\/v2\/pages\/2515\/revisions\/11030"}],"wp:attachment":[{"href":"https:\/\/flurhof.com\/index.php\/wp-json\/wp\/v2\/media?parent=2515"}],"curies":[{"name":"wp","href":"https:\/\/api.w.org\/{rel}","templated":true}]}}