


{"id":2467,"date":"2011-04-12T17:14:55","date_gmt":"2011-04-12T15:14:55","guid":{"rendered":"http:\/\/www.flurhof.com\/web\/?page_id=2467"},"modified":"2022-03-14T21:36:13","modified_gmt":"2022-03-14T20:36:13","slug":"blog","status":"publish","type":"page","link":"https:\/\/flurhof.com\/","title":{"rendered":"WILLKOMMEN"},"content":{"rendered":"<div class=\"col-lg-4 text-left\">\n<p><a href=\"\/wp-content\/uploads\/2018\/06\/zz_Infrastruktur021.jpg\" data-rel=\"lightbox-gallery-8LH2WUr7\" data-rl_title=\"\" data-rl_caption=\"\" title=\"\"><img decoding=\"async\" class=\"responsive\" src=\"\/wp-content\/uploads\/2018\/06\/zz_Infrastruktur021-300x200.jpg\" alt=\"\"\" \/><\/a><\/p>\n<h3 style=\"color: #fff; line-height: 150%;\">Erstklassige Pferdepension mit &#8222;Familienanschluss&#8220;<\/h3>\n<p>Bei uns haben es Pferde und Reiter gut. Nebst der hervorragenden Unterbringung und Betreuung der Pferde, werden Halter und Freunde mit Hund, Haus und Kegel in die Flurhof-Familie aufgenommen.<\/p>\n<\/div>\n<div class=\"col-lg-4 text-left\">\n<p><a href=\"\/wp-content\/uploads\/2011\/04\/flurhof_reitbeteiligung.jpg\" data-rel=\"lightbox-gallery-8LH2WUr7\" data-rl_title=\"\" data-rl_caption=\"\" title=\"\"><img decoding=\"async\" class=\"responsive\" src=\"\/wp-content\/uploads\/2011\/04\/flurhof_reitbeteiligung-300x200.jpg\" alt=\"flurhof_reitbeteiligung\" \/><\/a><\/p>\n<h3 style=\"color: #fff; line-height: 150%;\">Reitbeteiligung &#8211; Einstieg in den Reitsport<\/h3>\n<p>Sie m\u00f6chten sich kein eigenes Pferd anschaffen oder ihrem Spr\u00f6ssling einen Einstieg in den Reitsport bieten ? Bei uns k\u00f6nnen Sie in Form einer individuellen Reitbeteiligung (Pferd, Reitstunden, etc) einen einfachen und unkomplizierten Einstieg in den Reitsport machen.<\/p>\n<\/div>\n<div class=\"col-lg-4 text-left\"><a href=\"\/wp-content\/uploads\/2018\/06\/Foto-15.06.18-12-12-39-2.jpg\" data-rel=\"lightbox-gallery-8LH2WUr7\" data-rl_title=\"\" data-rl_caption=\"\" title=\"\"><img decoding=\"async\" class=\"responsive\" src=\"\/wp-content\/uploads\/2018\/06\/Foto-15.06.18-12-12-39-2.jpg\" alt=\"\" \/><\/a>&nbsp;<\/p>\n<h3 style=\"color: #fff; line-height: 150%;\">Individuelles Training Springen und Dressur<\/h3>\n<p>Erfahrene Trainer mit professionellem Hintergrund betreuen, begleiten und instruieren Sie f\u00fcr noch mehr Spass und Erfolg auf Turnierpl\u00e4tzen oder einfach f\u00fcr Sie selber.<\/p>\n<\/div>\n<p>&nbsp;<\/p>\n<hr \/>\n","protected":false},"excerpt":{"rendered":"","protected":false},"author":5,"featured_media":0,"parent":0,"menu_order":0,"comment_status":"open","ping_status":"closed","template":"TMP_INTRO.php","meta":{"_acf_changed":false,"footnotes":""},"class_list":["post-2467","page","type-page","status-publish","hentry"],"acf":[],"_links":{"self":[{"href":"https:\/\/flurhof.com\/index.php\/wp-json\/wp\/v2\/pages\/2467","targetHints":{"allow":["GET"]}}],"collection":[{"href":"https:\/\/flurhof.com\/index.php\/wp-json\/wp\/v2\/pages"}],"about":[{"href":"https:\/\/flurhof.com\/index.php\/wp-json\/wp\/v2\/types\/page"}],"author":[{"embeddable":true,"href":"https:\/\/flurhof.com\/index.php\/wp-json\/wp\/v2\/users\/5"}],"replies":[{"embeddable":true,"href":"https:\/\/flurhof.com\/index.php\/wp-json\/wp\/v2\/comments?post=2467"}],"version-history":[{"count":24,"href":"https:\/\/flurhof.com\/index.php\/wp-json\/wp\/v2\/pages\/2467\/revisions"}],"predecessor-version":[{"id":11389,"href":"https:\/\/flurhof.com\/index.php\/wp-json\/wp\/v2\/pages\/2467\/revisions\/11389"}],"wp:attachment":[{"href":"https:\/\/flurhof.com\/index.php\/wp-json\/wp\/v2\/media?parent=2467"}],"curies":[{"name":"wp","href":"https:\/\/api.w.org\/{rel}","templated":true}]}}